{"id":137,"date":"2014-07-05T21:52:54","date_gmt":"2014-07-05T18:52:54","guid":{"rendered":"http:\/\/bistrita.apubb.ro\/?page_id=137"},"modified":"2026-01-28T15:35:02","modified_gmt":"2026-01-28T12:35:02","slug":"resurse","status":"publish","type":"page","link":"https:\/\/apubb.ro\/bistrita\/studii\/resurse\/","title":{"rendered":"Resurse"},"content":{"rendered":"<p>Pentru a facilita procesul de \u00eenv\u0103\u021bare, v\u0103 punem la dispozi\u021bie urm\u0103toarele resurse electronice (jurnale academice cu con\u021binut online integral \u0219i baze de date):<\/p>\n<p>Reviste:<\/p>\n<ul>\n<li><a href=\"http:\/\/www.rtsa.ro\/\" target=\"_blank\" rel=\"noopener\">Revista Transilvan\u0103 de \u0218tiin\u021be Administrative<\/a><\/li>\n<li><a href=\"http:\/\/www.revistacalitateavietii.ro\/index.html\" target=\"_blank\" rel=\"noopener\">Revista Calitatea Vie\u021bii\u00a0<\/a><\/li>\n<li><a href=\"http:\/\/www.sferapoliticii.ro\/index.html\" target=\"_blank\" rel=\"noopener\">Revista Sfera Politicii<\/a><\/li>\n<li><a href=\"http:\/\/www.rcis.ro\/en.html\" target=\"_blank\" rel=\"noopener\">Revista de cercetare \u0219i Interven\u021bie Social\u0103<\/a><\/li>\n<\/ul>\n<p>Baze de date:<\/p>\n<ul>\n<li><a href=\"http:\/\/cncsis.gov.ro\/articole\/1470\/Promovarea-revistelor-romanesti-indexate-BDI.html\" target=\"_blank\" rel=\"noopener\">Consiliul Na\u021bional al Cercet\u0103rii \u0218tiin\u021bifice din \u00cenv\u0103\u021b\u0103m\u00e2ntul Superior<\/a> &#8211; list\u0103 cu principalele reviste academice \u00een Limba Rom\u00e2n\u0103<\/li>\n<li><a href=\"http:\/\/epp.eurostat.ec.europa.eu\/portal\/page\/portal\/eurostat\/home\" target=\"_blank\" rel=\"noopener\">Eurostat<\/a>\u00a0&#8211; baza de date statistice a UE<\/li>\n<li><a href=\"http:\/\/www.insse.ro\/cms\/\" target=\"_blank\" rel=\"noopener\">Institutul Na\u021bional de Statistic\u0103<\/a>\u00a0&#8211; baz\u0103 de date statistice referitoare la Rom\u00e2nia<\/li>\n<\/ul>\n<p>Baza material\u0103<\/p>\n<ul>\n<li><a href=\"https:\/\/apubb.ro\/bistrita\/wp-content\/uploads\/2026\/01\/Spatii-si-dotari-Extensia-Bistrita.docx\">Spatii si dotari Extensia Bistrita<\/a><\/li>\n<li><a href=\"https:\/\/apubb.ro\/bistrita\/wp-content\/uploads\/2026\/01\/Lista-spatiilor-Bistrita.docx\">Lista spatiilor Bistrita<\/a><\/li>\n<li><a href=\"https:\/\/apubb.ro\/bistrita\/wp-content\/uploads\/2026\/01\/FSPAC_biblioteca-Bistrita.pdf\">FSPAC_biblioteca Bistrita<\/a><\/li>\n<\/ul>\n","protected":false},"excerpt":{"rendered":"<p>Pentru a facilita procesul de \u00eenv\u0103\u021bare, v\u0103 punem la dispozi\u021bie urm\u0103toarele resurse electronice (jurnale academice cu con\u021binut online integral \u0219i baze de date): Reviste: Revista Transilvan\u0103 de \u0218tiin\u021be Administrative Revista Calitatea Vie\u021bii\u00a0 Revista Sfera Politicii Revista de cercetare \u0219i Interven\u021bie Social\u0103 Baze de date: Consiliul Na\u021bional al Cercet\u0103rii \u0218tiin\u021bifice din \u00cenv\u0103\u021b\u0103m\u00e2ntul Superior &#8211; list\u0103 cu [&hellip;]<\/p>\n","protected":false},"author":1,"featured_media":0,"parent":73,"menu_order":4,"comment_status":"closed","ping_status":"closed","template":"","meta":{"footnotes":""},"class_list":["post-137","page","type-page","status-publish","hentry"],"_links":{"self":[{"href":"https:\/\/apubb.ro\/bistrita\/wp-json\/wp\/v2\/pages\/137","targetHints":{"allow":["GET"]}}],"collection":[{"href":"https:\/\/apubb.ro\/bistrita\/wp-json\/wp\/v2\/pages"}],"about":[{"href":"https:\/\/apubb.ro\/bistrita\/wp-json\/wp\/v2\/types\/page"}],"author":[{"embeddable":true,"href":"https:\/\/apubb.ro\/bistrita\/wp-json\/wp\/v2\/users\/1"}],"replies":[{"embeddable":true,"href":"https:\/\/apubb.ro\/bistrita\/wp-json\/wp\/v2\/comments?post=137"}],"version-history":[{"count":11,"href":"https:\/\/apubb.ro\/bistrita\/wp-json\/wp\/v2\/pages\/137\/revisions"}],"predecessor-version":[{"id":2188,"href":"https:\/\/apubb.ro\/bistrita\/wp-json\/wp\/v2\/pages\/137\/revisions\/2188"}],"up":[{"embeddable":true,"href":"https:\/\/apubb.ro\/bistrita\/wp-json\/wp\/v2\/pages\/73"}],"wp:attachment":[{"href":"https:\/\/apubb.ro\/bistrita\/wp-json\/wp\/v2\/media?parent=137"}],"curies":[{"name":"wp","href":"https:\/\/api.w.org\/{rel}","templated":true}]}}