{"id":181,"date":"2014-07-07T12:25:12","date_gmt":"2014-07-07T09:25:12","guid":{"rendered":"http:\/\/bistrita.apubb.ro\/?page_id=181"},"modified":"2014-07-07T17:31:51","modified_gmt":"2014-07-07T14:31:51","slug":"program-postuniversitar","status":"publish","type":"page","link":"https:\/\/apubb.ro\/bistrita\/studii\/program-postuniversitar\/","title":{"rendered":"Program postuniversitar MAP"},"content":{"rendered":"<p><strong>MANAGEMENTUL ADMINISTRA\u021aIEI PUBLICE (2014)<\/strong><\/p>\n<p><a href=\"http:\/\/apubb.ro\/bistrita\/wp-content\/uploads\/2014\/07\/antet_celalat2.png\"><img loading=\"lazy\" decoding=\"async\" class=\"alignleft size-medium wp-image-186\" src=\"http:\/\/apubb.ro\/bistrita\/wp-content\/uploads\/2014\/07\/antet_celalat2-300x96.png\" alt=\"antet_celalat2\" width=\"300\" height=\"96\" srcset=\"https:\/\/apubb.ro\/bistrita\/wp-content\/uploads\/2014\/07\/antet_celalat2-300x96.png 300w, https:\/\/apubb.ro\/bistrita\/wp-content\/uploads\/2014\/07\/antet_celalat2.png 655w\" sizes=\"auto, (max-width: 300px) 100vw, 300px\" \/><\/a><\/p>\n<p>&nbsp;<\/p>\n<p>&nbsp;<\/p>\n<p>&nbsp;<\/p>\n<p>&nbsp;<\/p>\n<p>Acest program postuniversitar este rezultatul unei colabor\u0103ri \u00eentre Facultatea de \u0218tiin\u021be Politice, Administrative \u0219i ale Comunic\u0103rii (UBB Cluj-Napoca), Facultatea de Administra\u021bie \u0219i Management Public (ASE Bucure\u0219ti) \u0219i Michigan State University (East Lansing, SUA).<\/p>\n<p><a href=\"http:\/\/www.apubb.ro\/wp-content\/uploads\/2011\/03\/Planul-de-invatamant-PPMAP.pdf\" target=\"_blank\"><strong>Planul de \u00eenv\u0103\u021b\u0103m\u00e2nt<\/strong><\/a> este structurat pe 8 discipline ce urmeaz\u0103 a fi studiate pe parcursul a dou\u0103 semestre, dup\u0103 cum urmeaz\u0103:<\/p>\n<p>Semestrul I (primele 3 luni) \u2013 destinat dob\u00e2ndirii unor competen\u0163e \u015fi abilit\u0103\u0163i manageriale de baz\u0103 \u0219i include:<\/p>\n<ul>\n<li>Management \u015fi leadership \u00een organiza\u0163ii publice;<\/li>\n<li>Economie \u015fi finan\u0163e publice. Management financiar;<\/li>\n<li>Descentralizare. Dezvoltare urban\u0103;<\/li>\n<li>Managementul proiectelor. Dezvoltare durabil\u0103.<\/li>\n<\/ul>\n<p>Semestrul II (ultimele 3 luni) \u2013 conceput pentru aprofundarea cuno\u015ftin\u0163elor \u015fi dezvoltarea abilit\u0103\u0163ilor manageriale dob\u00e2ndite \u00een primele trei luni \u0219i spre dezvoltarea capacit\u0103\u0163ilor manageriale de analiz\u0103 comparativ\u0103 \u015fi de interac\u021biune interpersonal\u0103, \u0219i include:<\/p>\n<ul>\n<li>Analiza politicilor publice \u015fi evaluarea programelor \u00een administra\u0163ie public\u0103;<\/li>\n<li>Etic\u0103 \u00een administra\u0163ia public\u0103;<\/li>\n<li>Drept administrativ comparat \u015fi institu\u0163ii ale UE;<\/li>\n<li>Managementul resurselor umane.<\/li>\n<\/ul>\n<p><em>Descrierea detaliat\u0103 a cursurilor este disponibil\u0103 <a href=\"http:\/\/www.apubb.ro\/studii\/program-postuniversitar-in-managementul-administratiei-publice\/descrieri-de-cursuri\/\" target=\"_blank\"><strong>aici<\/strong><\/a><\/em><\/p>\n<p>Avantajele Programului Postuniversitar \u00een Managementul Administra\u0163iei Publice:<\/p>\n<ul>\n<li>Absolven\u021bii acestui program vor primi pe l\u00e2ng\u0103 diploma de la UBB \u0219i un certificat acordat de Michigan State University;<\/li>\n<li>Acces la o bibliotec\u0103 dotat\u0103 cu cele mai actuale \u015fi mai complete publica\u0163ii \u00een domeniu \u2013 prin proiect au fost achizi\u021bionate c\u0103r\u021bi \u00een domeniul administra\u021biei publice \u0219i domenii conexe (sociologie, economie, finan\u021be publice, drept administrativ, managementul resurselor umane) \u00een valoare total\u0103 de peste 150.000 lei;<\/li>\n<li>Acces la studii de caz \u0219i articole \u00een domeniul administra\u021biei publice \u0219i domenii conexe;<\/li>\n<li>Acces pe baz\u0103 de username \u015fi parol\u0103 la suporturile de curs \u0219i la alte documente (studii de caz, articole etc), disponibile pe platforma de e-learning.<\/li>\n<\/ul>\n","protected":false},"excerpt":{"rendered":"<p>MANAGEMENTUL ADMINISTRA\u021aIEI PUBLICE (2014) &nbsp; &nbsp; &nbsp; &nbsp; Acest program postuniversitar este rezultatul unei colabor\u0103ri \u00eentre Facultatea de \u0218tiin\u021be Politice, Administrative \u0219i ale Comunic\u0103rii (UBB Cluj-Napoca), Facultatea de Administra\u021bie \u0219i Management Public (ASE Bucure\u0219ti) \u0219i Michigan State University (East Lansing, SUA). Planul de \u00eenv\u0103\u021b\u0103m\u00e2nt este structurat pe 8 discipline ce urmeaz\u0103 a fi studiate pe [&hellip;]<\/p>\n","protected":false},"author":1,"featured_media":0,"parent":73,"menu_order":3,"comment_status":"closed","ping_status":"closed","template":"","meta":{"footnotes":""},"class_list":["post-181","page","type-page","status-publish","hentry"],"_links":{"self":[{"href":"https:\/\/apubb.ro\/bistrita\/wp-json\/wp\/v2\/pages\/181","targetHints":{"allow":["GET"]}}],"collection":[{"href":"https:\/\/apubb.ro\/bistrita\/wp-json\/wp\/v2\/pages"}],"about":[{"href":"https:\/\/apubb.ro\/bistrita\/wp-json\/wp\/v2\/types\/page"}],"author":[{"embeddable":true,"href":"https:\/\/apubb.ro\/bistrita\/wp-json\/wp\/v2\/users\/1"}],"replies":[{"embeddable":true,"href":"https:\/\/apubb.ro\/bistrita\/wp-json\/wp\/v2\/comments?post=181"}],"version-history":[{"count":7,"href":"https:\/\/apubb.ro\/bistrita\/wp-json\/wp\/v2\/pages\/181\/revisions"}],"predecessor-version":[{"id":190,"href":"https:\/\/apubb.ro\/bistrita\/wp-json\/wp\/v2\/pages\/181\/revisions\/190"}],"up":[{"embeddable":true,"href":"https:\/\/apubb.ro\/bistrita\/wp-json\/wp\/v2\/pages\/73"}],"wp:attachment":[{"href":"https:\/\/apubb.ro\/bistrita\/wp-json\/wp\/v2\/media?parent=181"}],"curies":[{"name":"wp","href":"https:\/\/api.w.org\/{rel}","templated":true}]}}