{"id":1855,"date":"2024-04-25T13:51:43","date_gmt":"2024-04-25T10:51:43","guid":{"rendered":"https:\/\/apubb.ro\/bistrita\/?page_id=1855"},"modified":"2024-08-19T12:31:12","modified_gmt":"2024-08-19T09:31:12","slug":"editia-2023-2024","status":"publish","type":"page","link":"https:\/\/apubb.ro\/bistrita\/studenti\/voluntariat-asociatia-fspac\/editia-2023-2024\/","title":{"rendered":"Edi\u021bia 2023-2024"},"content":{"rendered":"<p>Voluntari:<\/p>\n<table>\n<tbody>\n<tr>\n<td width=\"104\"><strong>Mititel Nicoleta<\/strong><\/td>\n<td width=\"520\">\u201eM\u0103 numesc Mititel Nicoleta, am 19 ani \u0219i sunt student\u0103 \u00een anul 1 la Facultatea de \u0218tiin\u021be Politice, Administrative \u0219i ale Comunic\u0103rii, specializarea Administra\u021bie Public\u0103 &#8211; Extensia Bistri\u021ba, dar \u00een acela\u0219i timp particip \u0219i la activitatea de voluntariat. Am ales s\u0103 particip la programul de voluntariat din dorin\u021ba de a-mi dezvolta abilit\u0103\u021bile de comunicare, dar \u0219i cuno\u0219tin\u021bele. Consider c\u0103, prin participarea la aceast\u0103 activitate am s\u0103 \u00eenv\u0103\u021b lucruri noi despre mine, dar \u0219i despre cei din jurul meu. Prin aceast\u0103 activitate \u00eemi doresc s\u0103 cunosc persoane noi, s\u0103 aflu informa\u021bii care m\u0103 pot ajuta pe parcursul vie\u021bii. Implicarea mea \u00een cadrul activit\u0103\u021bii de voluntariat o s\u0103 \u00eemi aduc\u0103 multe avantaje profesionale, dar \u0219i personale. Activit\u0103\u021bile prezentate \u00een cadrul voluntariatului m-au motivat s\u0103 aplic la aceast\u0103 activitate, pe care o consider util\u0103 pe parcursul anilor de studen\u021bie.\u201d<\/p>\n<p>&nbsp;<\/p>\n<p>&nbsp;<\/td>\n<\/tr>\n<tr>\n<td width=\"104\"><strong>Proboteanu Eleodor<\/strong><\/td>\n<td width=\"520\">\u201dSunt Proboteanu Eleodor, un student entuziast \u0219i pasionat de domeniul \u0218tiin\u021belor Politice, Administrative \u0219i ale Comunic\u0103rii, specializare \u00een Administrarea Public\u0103. Sunt dedicat \u00eenv\u0103\u021b\u0103rii \u0219i dezvolt\u0103rii personale, iar implicarea activ\u0103 \u00een comunitatea academic\u0103, mai ales \u00een cadrul Facult\u0103\u021bii de \u0218tiin\u021be Politice, Administrative \u0219i ale Comunic\u0103rii, reprezint\u0103 o parte important\u0103 a identit\u0103\u021bii mele. Am aplicat la programul de voluntariat deoarece \u00eemi doresc s\u0103 contribui la \u00eembun\u0103t\u0103\u021birea mediului academic \u0219i s\u0103-mi \u00eemp\u0103rt\u0103\u0219esc pasiunea pentru domeniul meu de studiu.<\/p>\n<p>Consider c\u0103 voluntariatul ofer\u0103 oportunit\u0103\u021bi unice de a \u00eenv\u0103\u021ba, de a cre\u0219te \u0219i de a face schimb de experien\u021b\u0103 cu colegii \u0219i profesorii mei, mai ales \u00een contextul unei specializ\u0103ri \u00een Administrarea Public\u0103.\u00a0 Prin acest program de voluntariat, \u00eemi propun s\u0103 contribui activ la organizarea evenimentelor \u0219i proiectelor care vor sprijini dezvoltarea facult\u0103\u021bii \u0219i a comunit\u0103\u021bii studen\u021be\u0219ti, \u00een special \u00een domeniul Administr\u0103rii Publice. \u00cemi doresc s\u0103 \u00eenv\u0103\u021b mai multe despre procesele administrative \u0219i de comunicare din cadrul unei institu\u021bii academice \u0219i s\u0103 dezvolt abilit\u0103\u021bi practice \u00een gestionarea proiectelor \u0219i a rela\u021biilor interpersonale, cu o focusare specific\u0103 pe Administra\u021bia Public\u0103. Sunt extrem de entuziasmat s\u0103 \u00eencep aceast\u0103 experien\u021b\u0103 de voluntariat \u0219i s\u0103 contribui activ la succesul \u0219i cre\u0219terea facult\u0103\u021bii, \u00een special \u00een cadrul specializ\u0103rii mele \u00een Administrarea Public\u0103. \u00a0\u00a0\u00a0\u00a0\u00a0\u00a0\u00a0\u00a0\u00a0\u00a0 Sunt deschis la noi provoc\u0103ri \u0219i sunt ner\u0103bd\u0103tor s\u0103 \u00eemi aduc aportul \u00een cadrul proiectelor \u0219i ini\u021biativelor viitoare. Voluntariatul nu este doar o modalitate de a ajuta comunitatea, ci \u0219i o oportunitate de a-mi dezvolta abilit\u0103\u021bile, de a \u00eenv\u0103\u021ba \u0219i de a cre\u0219te ca individ, cu o aten\u021bie deosebit\u0103 asupra aspectelor specifice administra\u021biei publice.<\/p>\n<p>Sunt dispus s\u0103 accept provoc\u0103rile \u0219i s\u0103 explorez noi oportunit\u0103\u021bi \u0219i experien\u021be.\u201d<\/p>\n<p>&nbsp;<\/p>\n<p>&nbsp;<\/td>\n<\/tr>\n<tr>\n<td width=\"104\"><strong>Mare Anamaria<\/strong><\/td>\n<td width=\"520\">\u201eM\u0103 numesc Mare Anamaria \u0219i sunt student\u0103 la specializarea Administra\u021bie Public\u0103. Sunt o persoan\u0103 interesat\u0103 de comunitate \u0219i de ajutarea celor din jur, de aceea am aplicat la acest program de voluntariat. \u00cemi propun s\u0103 explorez noi domenii \u0219i s\u0103-mi dezvolt abilit\u0103\u021bile de colaborare \u0219i empatie. Vreau s\u0103 \u00eenv\u0103\u021b cum s\u0103 gestionez provoc\u0103rile \u0219i s\u0103-mi \u00eembun\u0103t\u0103\u021besc capacitatea de a lucra \u00een echip\u0103. Mi-am dorit s\u0103 fac parte dintr-o echip\u0103 dedicat\u0103, care cunoa\u0219te nevoile comunit\u0103\u021bii, aduce schimb\u0103ri pozitive \u00een societate, sprijin\u0103 studen\u021bii \u00een formarea lor profesional\u0103 \u0219i dezvolt\u0103 abilit\u0103\u021bi noi de comunicare \u0219i leadership. Sunt ner\u0103bd\u0103toare s\u0103 inspir \u0219i al\u021bii s\u0103 se implice activ \u00een comunitate.\u201d<\/p>\n<p>&nbsp;<\/p>\n<p>&nbsp;<\/td>\n<\/tr>\n<tr>\n<td width=\"104\"><strong>Berchi <\/strong><\/p>\n<p><strong>Maria<\/strong><\/td>\n<td width=\"520\">\u201eNumele meu este Berchi Maria, mai pe scurt Mia \u015fi am ales s\u0103 particip la programul de voluntariat deoarece pot aduce un aport pozitiv \u00een activitatea universitar\u0103 \u015fi totodat\u0103 voi dob\u00e2ndi experien\u021b\u0103. Consider c\u0103 participarea \u00een programul de voluntariat a fost o alegere corect\u0103 deoarece vreau s\u0103 m\u0103 implic activ \u00een activit\u0103\u021bile respective \u015fi s\u0103 pot ajuta universitatea \u015fi al\u021bi studen\u021bi.\u201d<\/p>\n<p>&nbsp;<\/p>\n<p>&nbsp;<\/td>\n<\/tr>\n<\/tbody>\n<\/table>\n","protected":false},"excerpt":{"rendered":"<p>Voluntari: Mititel Nicoleta \u201eM\u0103 numesc Mititel Nicoleta, am 19 ani \u0219i sunt student\u0103 \u00een anul 1 la Facultatea de \u0218tiin\u021be Politice, Administrative \u0219i ale Comunic\u0103rii, specializarea Administra\u021bie Public\u0103 &#8211; Extensia Bistri\u021ba, dar \u00een acela\u0219i timp particip \u0219i la activitatea de voluntariat. Am ales s\u0103 particip la programul de voluntariat din dorin\u021ba de a-mi dezvolta abilit\u0103\u021bile [&hellip;]<\/p>\n","protected":false},"author":1,"featured_media":0,"parent":1852,"menu_order":0,"comment_status":"closed","ping_status":"closed","template":"","meta":{"footnotes":""},"class_list":["post-1855","page","type-page","status-publish","hentry"],"_links":{"self":[{"href":"https:\/\/apubb.ro\/bistrita\/wp-json\/wp\/v2\/pages\/1855","targetHints":{"allow":["GET"]}}],"collection":[{"href":"https:\/\/apubb.ro\/bistrita\/wp-json\/wp\/v2\/pages"}],"about":[{"href":"https:\/\/apubb.ro\/bistrita\/wp-json\/wp\/v2\/types\/page"}],"author":[{"embeddable":true,"href":"https:\/\/apubb.ro\/bistrita\/wp-json\/wp\/v2\/users\/1"}],"replies":[{"embeddable":true,"href":"https:\/\/apubb.ro\/bistrita\/wp-json\/wp\/v2\/comments?post=1855"}],"version-history":[{"count":7,"href":"https:\/\/apubb.ro\/bistrita\/wp-json\/wp\/v2\/pages\/1855\/revisions"}],"predecessor-version":[{"id":1931,"href":"https:\/\/apubb.ro\/bistrita\/wp-json\/wp\/v2\/pages\/1855\/revisions\/1931"}],"up":[{"embeddable":true,"href":"https:\/\/apubb.ro\/bistrita\/wp-json\/wp\/v2\/pages\/1852"}],"wp:attachment":[{"href":"https:\/\/apubb.ro\/bistrita\/wp-json\/wp\/v2\/media?parent=1855"}],"curies":[{"name":"wp","href":"https:\/\/api.w.org\/{rel}","templated":true}]}}