{"id":19,"date":"2014-07-04T11:08:50","date_gmt":"2014-07-04T08:08:50","guid":{"rendered":"http:\/\/apubb.ro\/bistrita\/?page_id=19"},"modified":"2026-01-29T14:42:52","modified_gmt":"2026-01-29T11:42:52","slug":"studenti","status":"publish","type":"page","link":"https:\/\/apubb.ro\/bistrita\/studenti\/","title":{"rendered":"Studen\u021bi"},"content":{"rendered":"<p>\u00cen urma absolvirii, studen\u0163ii no\u015ftri ocup\u0103 pozi\u0163ii at\u00e2t \u00een administra\u0163ia central\u0103 \u015fi local\u0103, c\u00e2t \u015fi \u00een sectorul profit \u015fi non-profit din \u0163ar\u0103 \u015fi str\u0103in\u0103tate. Printre locurile predilecte de angajare se num\u0103r\u0103:<\/p>\n<ul style=\"color: #000000;\">\n<li>Guvern (ministere, agen\u0163ii guvernamentale)<\/li>\n<li>Pre\u015fedin\u0163ie (administra\u0163ia preziden\u0163ial\u0103)<\/li>\n<li>Alte institu\u0163ii ale aparatului administrativ central<\/li>\n<li>Prim\u0103rii, prefecturi, consilii jude\u0163ene, consilii locale<\/li>\n<li>Institu\u0163ii ale Uniunii Europene (\u00een Bruxelles, Strasbourg sau Luxemburg)<\/li>\n<li>Organiza\u0163ii Non-Guvernamentale na\u0163ionale sau interna\u0163ionale<\/li>\n<li>Companii private (na\u0163ionale sau multina\u0163ionale)<\/li>\n<\/ul>\n<p><a href=\"https:\/\/apubb.ro\/bistrita\/wp-content\/uploads\/2026\/01\/Rata-absolvire-ultimele-5-promotii-AP-ID.pdf\">Rata absolvire ultimele 5 promotii AP ID<\/a><\/p>\n<p><a href=\"https:\/\/apubb.ro\/bistrita\/wp-content\/uploads\/2026\/01\/Nr-studenti-si-absolventi-ID-AP-BN.pdf\">Nr studenti si absolventi ID AP BN<\/a><\/p>\n<p><a href=\"https:\/\/apubb.ro\/bistrita\/wp-content\/uploads\/2026\/01\/Nr.-studenti-AP-BN-ZIID_2025-2026-1.pdf\">Nr. studen\u021bi AP BN ZI+ID_2025-2026 (1)<\/a><\/p>\n","protected":false},"excerpt":{"rendered":"<p>\u00cen urma absolvirii, studen\u0163ii no\u015ftri ocup\u0103 pozi\u0163ii at\u00e2t \u00een administra\u0163ia central\u0103 \u015fi local\u0103, c\u00e2t \u015fi \u00een sectorul profit \u015fi non-profit din \u0163ar\u0103 \u015fi str\u0103in\u0103tate. Printre locurile predilecte de angajare se num\u0103r\u0103: Guvern (ministere, agen\u0163ii guvernamentale) Pre\u015fedin\u0163ie (administra\u0163ia preziden\u0163ial\u0103) Alte institu\u0163ii ale aparatului administrativ central Prim\u0103rii, prefecturi, consilii jude\u0163ene, consilii locale Institu\u0163ii ale Uniunii Europene (\u00een [&hellip;]<\/p>\n","protected":false},"author":1,"featured_media":0,"parent":0,"menu_order":3,"comment_status":"closed","ping_status":"closed","template":"","meta":{"footnotes":""},"class_list":["post-19","page","type-page","status-publish","hentry"],"_links":{"self":[{"href":"https:\/\/apubb.ro\/bistrita\/wp-json\/wp\/v2\/pages\/19","targetHints":{"allow":["GET"]}}],"collection":[{"href":"https:\/\/apubb.ro\/bistrita\/wp-json\/wp\/v2\/pages"}],"about":[{"href":"https:\/\/apubb.ro\/bistrita\/wp-json\/wp\/v2\/types\/page"}],"author":[{"embeddable":true,"href":"https:\/\/apubb.ro\/bistrita\/wp-json\/wp\/v2\/users\/1"}],"replies":[{"embeddable":true,"href":"https:\/\/apubb.ro\/bistrita\/wp-json\/wp\/v2\/comments?post=19"}],"version-history":[{"count":7,"href":"https:\/\/apubb.ro\/bistrita\/wp-json\/wp\/v2\/pages\/19\/revisions"}],"predecessor-version":[{"id":2225,"href":"https:\/\/apubb.ro\/bistrita\/wp-json\/wp\/v2\/pages\/19\/revisions\/2225"}],"wp:attachment":[{"href":"https:\/\/apubb.ro\/bistrita\/wp-json\/wp\/v2\/media?parent=19"}],"curies":[{"name":"wp","href":"https:\/\/api.w.org\/{rel}","templated":true}]}}