{"id":73,"date":"2014-07-05T14:12:07","date_gmt":"2014-07-05T11:12:07","guid":{"rendered":"http:\/\/bistrita.apubb.ro\/?page_id=73"},"modified":"2024-10-29T17:41:28","modified_gmt":"2024-10-29T14:41:28","slug":"studii","status":"publish","type":"page","link":"https:\/\/apubb.ro\/bistrita\/studii\/","title":{"rendered":"Studii"},"content":{"rendered":"<p><b>Administra\u021bia<\/b><strong>\u00a0public\u0103 <\/strong>este un domeniu interdisciplinar care le ofer\u0103 studen\u0163ilor o viziune complet\u0103 asupra vie\u0163ii \u015fi societ\u0103\u0163ii \u015fi care le permite s\u0103 dob\u00e2ndeasc\u0103 \u00eenc\u0103 din timpul facult\u0103\u0163ii at\u00e2t no\u0163iuni teoretice c\u00e2t \u015fi abilit\u0103\u0163i practice, prin intermediul unor programe care \u00eei pun \u00een leg\u0103tur\u0103 cu profesioni\u015ftii din administra\u0163ia public\u0103 \u015fi le permit accesul \u00een institu\u0163ii publice sau organiza\u0163ii non-guvernamentale.<\/p>\n<p><a href=\"http:\/\/apubb.ro\/bistrita\/wp-content\/uploads\/2014\/07\/Structura_anului_2015-2016_Ro.pdf\">Structura_anului_2015-2016_Ro<\/a><\/p>\n<p>Extensia Bistri\u021ba a Departamentului de Administra\u021bie \u0219i Management Public ofer\u0103 \u00a0urm\u0103toarele programe universitare:<\/p>\n<ul>\n<li><a href=\"http:\/\/bistrita.apubb.ro\/studii\/licenta-ziid\/\" target=\"_blank\" rel=\"noopener\"><strong>Programe de licen\u021b\u0103 \u00een Administra\u021bie Public\u0103 la Zi \u0219i ID<\/strong><\/a><\/li>\n<\/ul>\n","protected":false},"excerpt":{"rendered":"<p>Administra\u021bia\u00a0public\u0103 este un domeniu interdisciplinar care le ofer\u0103 studen\u0163ilor o viziune complet\u0103 asupra vie\u0163ii \u015fi societ\u0103\u0163ii \u015fi care le permite s\u0103 dob\u00e2ndeasc\u0103 \u00eenc\u0103 din timpul facult\u0103\u0163ii at\u00e2t no\u0163iuni teoretice c\u00e2t \u015fi abilit\u0103\u0163i practice, prin intermediul unor programe care \u00eei pun \u00een leg\u0103tur\u0103 cu profesioni\u015ftii din administra\u0163ia public\u0103 \u015fi le permit accesul \u00een institu\u0163ii publice sau [&hellip;]<\/p>\n","protected":false},"author":1,"featured_media":0,"parent":0,"menu_order":2,"comment_status":"closed","ping_status":"closed","template":"","meta":{"footnotes":""},"class_list":["post-73","page","type-page","status-publish","hentry"],"_links":{"self":[{"href":"https:\/\/apubb.ro\/bistrita\/wp-json\/wp\/v2\/pages\/73","targetHints":{"allow":["GET"]}}],"collection":[{"href":"https:\/\/apubb.ro\/bistrita\/wp-json\/wp\/v2\/pages"}],"about":[{"href":"https:\/\/apubb.ro\/bistrita\/wp-json\/wp\/v2\/types\/page"}],"author":[{"embeddable":true,"href":"https:\/\/apubb.ro\/bistrita\/wp-json\/wp\/v2\/users\/1"}],"replies":[{"embeddable":true,"href":"https:\/\/apubb.ro\/bistrita\/wp-json\/wp\/v2\/comments?post=73"}],"version-history":[{"count":11,"href":"https:\/\/apubb.ro\/bistrita\/wp-json\/wp\/v2\/pages\/73\/revisions"}],"predecessor-version":[{"id":1961,"href":"https:\/\/apubb.ro\/bistrita\/wp-json\/wp\/v2\/pages\/73\/revisions\/1961"}],"wp:attachment":[{"href":"https:\/\/apubb.ro\/bistrita\/wp-json\/wp\/v2\/media?parent=73"}],"curies":[{"name":"wp","href":"https:\/\/api.w.org\/{rel}","templated":true}]}}