{"id":76,"date":"2014-07-05T14:29:20","date_gmt":"2014-07-05T11:29:20","guid":{"rendered":"http:\/\/bistrita.apubb.ro\/?page_id=76"},"modified":"2026-04-21T14:00:58","modified_gmt":"2026-04-21T11:00:58","slug":"examen-licenta","status":"publish","type":"page","link":"https:\/\/apubb.ro\/bistrita\/studii\/examen-licenta\/","title":{"rendered":"EXAMENUL DE LICEN\u021a\u0102"},"content":{"rendered":"<h1 style=\"text-align: center;\"><strong>Sesiunea IULIE 2026<\/strong><\/h1>\n<section class=\"elementor-section elementor-top-section elementor-element elementor-element-a142099 elementor-section-boxed elementor-section-height-default elementor-section-height-default elementskit-parallax-multi-container\" data-particle_enable=\"false\" data-particle-mobile-disabled=\"false\" data-id=\"a142099\" data-element_type=\"section\" data-settings=\"{&quot;ekit_has_onepagescroll_dot&quot;:&quot;yes&quot;}\">\n<div class=\"elementor-container elementor-column-gap-default\">\n<div class=\"elementor-column elementor-col-50 elementor-top-column elementor-element elementor-element-797de9c\" data-id=\"797de9c\" data-element_type=\"column\">\n<div class=\"elementor-widget-wrap elementor-element-populated\">\n<div class=\"elementor-element elementor-element-17a6557 elementor-widget elementor-widget-elementskit-heading\" data-id=\"17a6557\" data-element_type=\"widget\" data-settings=\"{&quot;ekit_we_effect_on&quot;:&quot;none&quot;}\" data-widget_type=\"elementskit-heading.default\">\n<div class=\"elementor-widget-container\">\n<div class=\"ekit-wid-con\">\n<div class=\"ekit-heading elementskit-section-title-wraper text_left ekit_heading_tablet- ekit_heading_mobile-\">\n<h4 class=\"ekit-heading--title elementskit-section-title \">Licen\u021b\u0103 (IF + ID)<\/h4>\n<\/div>\n<\/div>\n<\/div>\n<\/div>\n<div class=\"elementor-element elementor-element-373750d elementor-widget elementor-widget-text-editor\" data-id=\"373750d\" data-element_type=\"widget\" data-settings=\"{&quot;ekit_we_effect_on&quot;:&quot;none&quot;}\" data-widget_type=\"text-editor.default\">\n<div class=\"elementor-widget-container\">\n<p><strong>\u00censcrieri (12-26.06.2026)<\/strong>: <a href=\"https:\/\/ifs.inscrieri.ubbcluj.ro\">https:\/\/ifs.inscrieri.ubbcluj.ro<\/a><\/p>\n<p><strong>Proba oral\u0103 de evaluare a cuno\u0219tin\u021belor \u0219i sus\u021binerea lucr\u0103rii<\/strong>: 1-2.07.2026 (programarea se va afi\u0219a aici)<\/p>\n<p>Contact: <span class=\"gD\" data-hovercard-id=\"adina.paltinean@fspac.ro\" data-hovercard-owner-id=\"17\">Adina Paltinean<\/span>\u00a0<span class=\"go\"><span aria-hidden=\"true\">&lt;<\/span>adina.paltinean@fspac.ro<span aria-hidden=\"true\">&gt;<\/span><\/span><\/p>\n<p><a href=\"https:\/\/amp.fspac.ubbcluj.ro\/wp-content\/uploads\/2026\/02\/Regulament_finalizare_studii_AMP_2025.pdf\">Regulament finalizare studii AMP<\/a><br \/><a href=\"https:\/\/amp.fspac.ubbcluj.ro\/wp-content\/uploads\/2026\/02\/Regulament_finalizare_studii_FSPAC_2025.pdf\">Regulament finalizare studii FSPAC<\/a><\/p>\n<div class=\"elementor-element elementor-element-373750d elementor-widget elementor-widget-text-editor\" data-id=\"373750d\" data-element_type=\"widget\" data-e-type=\"widget\" data-settings=\"{&quot;ekit_we_effect_on&quot;:&quot;none&quot;}\" data-widget_type=\"text-editor.default\">\n<div class=\"elementor-widget-container\">\n<p><strong>Studiile de licen\u0163\u0103 se finalizeaz\u0103 printr-un examen de licen\u021b\u0103 format din urm\u0103toarele probe:<\/strong><\/p>\n<p><strong>1. Proba de cuno\u0219tin\u021be,\u00a0<\/strong>denumit\u0103 \u0219i proba 1 din cadrul examenului de licen\u021b\u0103 este o prob\u0103 oral\u0103, prin intermediul c\u0103reia se dore\u0219te verificarea modului \u00een care studen\u021bii care sus\u021bin examenul de finalizare a studiilor pot aplica concepte \u0219i teorii specifice domeniului administra\u021biei publice la tema specific\u0103 adresat\u0103 de ei \u00een lucrarea de licen\u021b\u0103.<\/p>\n<p>Prin urmare, bibliografia pentru proba oral\u0103 de cuno\u0219tin\u021be este format\u0103 din:<\/p>\n<ul>\n<li>Totalitatea titlurilor bibliografice indicate de student \u00een sec\u021biunea de bibliografie a lucr\u0103rii de licen\u021b\u0103; \u0219i<\/li>\n<li>Patru materiale de sintez\u0103 care sunt de baz\u0103 \u00een domeniul administra\u021biei publice \u0219i care sunt disponibile \u00een format pdf online.\n<ul>\n<li><a href=\"https:\/\/amp.fspac.ubbcluj.ro\/wp-content\/uploads\/2026\/02\/Licenta_Drept_administrativ.pdf\">Drept administrativ<\/a><\/li>\n<li><a href=\"https:\/\/amp.fspac.ubbcluj.ro\/wp-content\/uploads\/2026\/02\/Licenta_Economie_publica.pdf\">Economie public\u0103<\/a><\/li>\n<li><a href=\"https:\/\/amp.fspac.ubbcluj.ro\/wp-content\/uploads\/2026\/02\/Licenta_Management_public.pdf\">Management public<\/a><\/li>\n<li><a href=\"https:\/\/amp.fspac.ubbcluj.ro\/wp-content\/uploads\/2026\/02\/Licenta_Metode_si_tehnici_de_cercetare.pdf\">Metode \u0219i tehnici de cercetare<\/a><\/li>\n<\/ul>\n<\/li>\n<\/ul>\n<p><strong>2.\u00a0<a href=\"https:\/\/amp.fspac.ubbcluj.ro\/wp-content\/uploads\/2026\/01\/DAMP_Cerinte-lucrare-licenta-si-disertatie_NOU_2025.pdf\">Sus\u021binerea lucr\u0103rii de licen\u021b\u0103 (cerin\u021be)<\/a><\/strong><\/p>\n<\/div>\n<\/div>\n<div class=\"elementor-element elementor-element-87b140c elementor-widget elementor-widget-text-editor\" data-id=\"87b140c\" data-element_type=\"widget\" data-e-type=\"widget\" data-settings=\"{&quot;ekit_we_effect_on&quot;:&quot;none&quot;}\" data-widget_type=\"text-editor.default\">\n<div class=\"elementor-widget-container\">\n<p><strong>Acte necesare pentru \u00eenscriere:<\/strong><\/p>\n<ul>\n<li>Cerere tip de \u00eenscriere (se genereaz\u0103 direct \u00een\u00a0<a href=\"https:\/\/ifs.inscrieri.ubbcluj.ro\/\">platform\u0103<\/a>)<\/li>\n<li>Diploma de bacalaureat \u0219i foaia matricol\u0103 (pentru diplomele \u00eenso\u021bite de foaie matricol\u0103) sau diplom\u0103 echivalent\u0103 acesteia (\u00een original)<\/li>\n<li>Certificatul de na\u0219tere \u00een copie certificat\u0103 \u201econform cu originalul\u201d \u00een baza documentului original prezentat de student sau \u00een copie legalizat\u0103;<\/li>\n<li>Carte de identitate (copie simpl\u0103)<\/li>\n<li>2 fotografii (tip carte de identitate) \u2013\u00a0(se vor aduce la secretariat)<\/li>\n<li>Atestat de competen\u0163\u0103 lingvistic\u0103 \u2013 calificativ general minim B1<\/li>\n<li>Lucrarea de licen\u021b\u0103 (se \u00eencarc\u0103 doar online, pe\u00a0<a href=\"https:\/\/ifs.inscrieri.ubbcluj.ro\/\">platform\u0103<\/a>)<\/li>\n<li><a href=\"https:\/\/amp.fspac.ubbcluj.ro\/wp-content\/uploads\/2023\/12\/Model_declaratie_plagiat.docx\" target=\"_blank\" rel=\"noopener\">Declara\u021bie pe proprie r\u0103spundere c\u0103 lucrarea nu este plagiat\u0103<\/a><\/li>\n<li>Adeverin\u0163\u0103 eliberat\u0103 de institu\u0163ia de \u00eenv\u0103\u0163\u0103m\u00e2nt superior absolvit\u0103,\u00a0<strong><u>pentru candida\u0163ii care provin de la alte universit\u0103\u0163i<\/u><\/strong>;<\/li>\n<li>Suplimentul la diplom\u0103 \u00een 2 exemplare originale dup\u0103 modelul dat de Ministerul Educa\u0163iei Na\u0163ionale,\u00a0<strong><u>pentru absolven\u0163ii proveni\u0163i de la alte institu\u0163ii\u00a0<\/u><\/strong>de \u00eenv\u0103\u0163\u0103m\u00e2nt superior.<\/li>\n<li>Dovada achitarii taxei de \u00eenscriere (dac\u0103 e cazul)\n<ul>\n<li>Taxa de 1.000 RON:\n<ul>\n<li>\u00cen cazul nepromov\u0103rii examenelor de finalizare a studiilor \u00een una din cele dou\u0103 sesiuni consecutive (iunie, februarie)<\/li>\n<li>\u00cen cazul \u00eenscrierii la examenul de finalizare a studiilor mai t\u00e2rziu de trei anide la data absolvirii<\/li>\n<li>Se achita la casieria facult\u0103\u021bii.<\/li>\n<\/ul>\n<\/li>\n<\/ul>\n<\/li>\n<\/ul>\n<p><strong>Important de \u0219tiut<\/strong><\/p>\n<ul>\n<li>Finalizarea studiilor prin examenul de licen\u021b\u0103 se face \u00een luna iulie a anului universitar \u00een care studen\u021bii absolv\u0103 programul de licen\u021b\u0103. Studen\u021bii care sunt absolven\u021bi \u00een luna iulie dar nu doresc s\u0103 \u00ee\u0219i sus\u021bin\u0103 imediat licen\u021ba, pot face acest lucru \u0219i \u00een sesiunea din luna februarie a anului urm\u0103tor.<\/li>\n<li>Examenul de licen\u021b\u0103 poate fi sus\u021binut gratuit de 2 ori (sesiunea din iulie \u0219i februarie, neprezentarea \u00eenseamn\u0103 o \u0219ans\u0103 pierdut\u0103).<\/li>\n<li>Absolven\u021bii UBB care nu s-au \u00eenscris la examenul de finalizare a studiilor \u00een alte sesiuni organizate anterior, dar nu mai t\u00e2rziu de trei ani universitari num\u0103ra\u021bi \u00eencep\u00e2nd cu sesiunea din anul urm\u0103tor absolvirii, au dreptul s\u0103 se \u00eenscrie at\u00e2t \u00een sesiunea din iulie, c\u00e2t \u0219i \u00een cea din septembrie\/februarie. Ei se pot prezenta la probe f\u0103r\u0103 tax\u0103 \u00een cele dou\u0103 sesiuni consecutive (iulie, septembrie\/februarie). \u00cen cazul \u00eenscrierii la examenul de finalizare a studiilor mai t\u00e2rziu de trei ani universitari de la data absolvirii, se percepe tax\u0103 de \u00eenscriere. \u00cen cazul nepromov\u0103rii examenelor de finalizare a studiilor \u00een una din cele dou\u0103 sesiuni consecutive (iulie, septembrie\/februarie), acestea pot fi sus\u021binute \u00eentr-o sesiune ulterioar\u0103, cu suportarea de c\u0103tre candidat a taxelor aferente (1.000 lei).<\/li>\n<\/ul>\n<\/div>\n<\/div>\n<\/div>\n<\/div>\n<div class=\"elementor-element elementor-element-c07c043 elementor-widget elementor-widget-eael-adv-accordion\" data-id=\"c07c043\" data-element_type=\"widget\" data-settings=\"{&quot;ekit_we_effect_on&quot;:&quot;none&quot;}\" data-widget_type=\"eael-adv-accordion.default\">\n<div class=\"elementor-widget-container\">\n<div id=\"eael-adv-accordion-c07c043\" class=\"eael-adv-accordion\" data-accordion-id=\"c07c043\" data-accordion-type=\"accordion\" data-toogle-speed=\"300\">\n<div class=\"eael-accordion-list\">\n<div id=\"specializarea-administraie-public\" class=\"elementor-tab-title eael-accordion-header show active\" tabindex=\"2011\" data-tab=\"1\" aria-controls=\"elementor-tab-content-2011\">\u00a0<\/div>\n<\/div>\n<\/div>\n<\/div>\n<\/div>\n<\/div>\n<\/div>\n<\/div>\n<\/section>\n\n\n<p><\/p>\n","protected":false},"excerpt":{"rendered":"<p>Sesiunea IULIE 2026 Licen\u021b\u0103 (IF + ID) \u00censcrieri (12-26.06.2026): https:\/\/ifs.inscrieri.ubbcluj.ro Proba oral\u0103 de evaluare a cuno\u0219tin\u021belor \u0219i sus\u021binerea lucr\u0103rii: 1-2.07.2026 (programarea se va afi\u0219a aici) Contact: Adina Paltinean\u00a0&lt;adina.paltinean@fspac.ro&gt; Regulament finalizare studii AMPRegulament finalizare studii FSPAC Studiile de licen\u0163\u0103 se finalizeaz\u0103 printr-un examen de licen\u021b\u0103 format din urm\u0103toarele probe: 1. Proba de cuno\u0219tin\u021be,\u00a0denumit\u0103 \u0219i proba 1 [&hellip;]<\/p>\n","protected":false},"author":1,"featured_media":0,"parent":73,"menu_order":5,"comment_status":"closed","ping_status":"closed","template":"","meta":{"footnotes":""},"class_list":["post-76","page","type-page","status-publish","hentry"],"_links":{"self":[{"href":"https:\/\/apubb.ro\/bistrita\/wp-json\/wp\/v2\/pages\/76","targetHints":{"allow":["GET"]}}],"collection":[{"href":"https:\/\/apubb.ro\/bistrita\/wp-json\/wp\/v2\/pages"}],"about":[{"href":"https:\/\/apubb.ro\/bistrita\/wp-json\/wp\/v2\/types\/page"}],"author":[{"embeddable":true,"href":"https:\/\/apubb.ro\/bistrita\/wp-json\/wp\/v2\/users\/1"}],"replies":[{"embeddable":true,"href":"https:\/\/apubb.ro\/bistrita\/wp-json\/wp\/v2\/comments?post=76"}],"version-history":[{"count":56,"href":"https:\/\/apubb.ro\/bistrita\/wp-json\/wp\/v2\/pages\/76\/revisions"}],"predecessor-version":[{"id":2258,"href":"https:\/\/apubb.ro\/bistrita\/wp-json\/wp\/v2\/pages\/76\/revisions\/2258"}],"up":[{"embeddable":true,"href":"https:\/\/apubb.ro\/bistrita\/wp-json\/wp\/v2\/pages\/73"}],"wp:attachment":[{"href":"https:\/\/apubb.ro\/bistrita\/wp-json\/wp\/v2\/media?parent=76"}],"curies":[{"name":"wp","href":"https:\/\/api.w.org\/{rel}","templated":true}]}}