{"id":69,"date":"2015-10-28T21:56:44","date_gmt":"2015-10-28T19:56:44","guid":{"rendered":"https:\/\/apubb.ro\/lca\/?page_id=69"},"modified":"2017-10-18T15:17:53","modified_gmt":"2017-10-18T13:17:53","slug":"faculty","status":"publish","type":"page","link":"https:\/\/apubb.ro\/lca\/faculty\/","title":{"rendered":"Members"},"content":{"rendered":"<p><strong><a href=\"http:\/\/www.apubb.ro\/en\/faculty\/dacian-cosmin-dragos\/\">dr. Dacian Cosmin DRAGO\u015e<\/a> <\/strong><strong><br \/>\n<a href=\"http:\/\/www.apubb.ro\/en\/faculty\/calin-emilian-hintea\/\">dr. C\u0103lin Emilian HIN\u0162EA<\/a> \u2013 Dean of FSPAC<br \/>\n<a href=\"http:\/\/www.apubb.ro\/en\/faculty\/felicia-cornelia-macarie\/\">dr. Felicia Cornelia MACARIE<\/a><br \/>\n<a href=\"http:\/\/www.apubb.ro\/en\/faculty\/dan-tudor-lazar\/\">dr. Dan Tudor LAZ\u0102R<\/a>\u00a0\u2013 Vice-rector<br \/>\n<a title=\"Sorin Dan \u0218andor\" href=\"http:\/\/www.apubb.ro\/en\/faculty\/sorin-dan-sandor\/\">dr. Sorin Dan \u015eANDOR<\/a><br \/>\n<strong title=\"Sorin Dan \u0218andor\"><a href=\"http:\/\/www.apubb.ro\/new\/despre\/cadre-didactice\/raluca-ioana-antonie-garboan\/\">dr. Raluca Ioana ANTONIE<\/a>\u00a0<\/strong><\/strong><strong><strong title=\"Sorin Dan \u0218andor\">&#8211; Director of the Public Administration Research Center<a href=\"http:\/\/www.apubb.ro\/new\/despre\/cadre-didactice\/raluca-ioana-antonie-garboan\/\"><br \/>\n<\/a><\/strong><strong title=\"Sorin Dan \u0218andor\"><a href=\"http:\/\/www.apubb.ro\/new\/despre\/cadre-didactice\/balogh-marton\/\">dr. BALOGH Marton<br \/>\n<\/a><a href=\"http:\/\/www.apubb.ro\/en\/faculty\/cristina-maria-hintea\/\">dr. Cristina Maria HIN\u021aEA<\/a><\/strong><br \/>\n<a href=\"http:\/\/www.apubb.ro\/new\/despre\/cadre-didactice\/elena-maria-minea\/\">dr. Elena Maria MINEA<\/a><br \/>\n<\/strong><strong title=\"Sorin Dan \u0218andor\"><a href=\"http:\/\/www.apubb.ro\/en\/faculty\/bogdana-neamtu\/\">dr. Bogdana NEAM\u0162U <\/a>\u2013 Head of d<strong>epartment <\/strong><br \/>\n<a href=\"http:\/\/www.apubb.ro\/new\/despre\/cadre-didactice\/viorel-stanica\/\">dr. Viorel ST\u0102NIC\u0102<\/a> \u2013 Vice-dean<br \/>\n<a href=\"http:\/\/www.apubb.ro\/despre\/cadre-didactice\/natalia-balogh\/\">dr. Natalia Monica BALOGH<\/a><br \/>\n<a href=\"http:\/\/www.apubb.ro\/new\/despre\/cadre-didactice\/daniel-buda\/\">dr. Daniel BUDA <\/a><br \/>\n<a href=\"http:\/\/www.apubb.ro\/new\/despre\/cadre-didactice\/calin-sabin-ghioltan\/\">dr. C\u0103lin Sabin GHIOL\u0162AN<\/a><\/strong><a href=\"http:\/\/www.apubb.ro\/new\/despre\/cadre-didactice\/calin-sabin-ghioltan\/\"><br \/>\n<\/a><strong title=\"Sorin Dan \u0218andor\"><strong><a href=\"http:\/\/www.apubb.ro\/en\/faculty\/adrian-hudrea\/\">dr. Adrian Virgil HUDREA<\/a><br \/>\n<\/strong><\/strong><strong title=\"Sorin Dan \u0218andor\"><a href=\"http:\/\/www.apubb.ro\/new\/despre\/cadre-didactice\/bogdan-moldovan\/\">dr. Bogdan Andrei MOLDOVAN<\/a><\/strong><strong title=\"Sorin Dan \u0218andor\"><br \/>\n<strong><a href=\"http:\/\/www.apubb.ro\/new\/despre\/cadre-didactice\/horea-raboca\/\">dr. Horia Mihai RABOCA<\/a><\/strong><br \/>\n<a href=\"http:\/\/www.apubb.ro\/en\/faculty\/bianca-radu\/\">dr. Bianca Veronica RADU<\/a><br \/>\n<a href=\"http:\/\/www.apubb.ro\/en\/faculty\/liviu-radu\/\">dr. Liviu RADU<\/a><\/strong><br \/>\n<strong title=\"Sorin Dan \u0218andor\"><a href=\"http:\/\/www.apubb.ro\/new\/despre\/cadre-didactice\/ana-elena-ranta\/\">dr. Ana Elena RANTA<\/a><\/strong><br \/>\n<strong><a href=\"http:\/\/www.apubb.ro\/en\/faculty\/raluca-suciu\/\">dr. Raluca Maria SUCIU<\/a><br \/>\n<\/strong><strong title=\"Sorin Dan \u0218andor\"><a href=\"http:\/\/www.apubb.ro\/new\/despre\/cadre-didactice\/ciprian-raul-tripon\/\">dr. Ciprian Raul TRIPON<\/a><br title=\"Sorin Dan \u0218andor\" \/><\/strong><strong title=\"Sorin Dan \u0218andor\"><strong><a href=\"http:\/\/www.apubb.ro\/en\/faculty\/tudor-ticlau\/\">dr. Tudor \u0162ICL\u0102U<\/a><\/strong><\/strong><a href=\"http:\/\/www.apubb.ro\/en\/faculty\/tudor-ticlau\/\"><br \/>\n<\/a><strong><a href=\"http:\/\/www.apubb.ro\/en\/faculty\/nicu-urs\/\">dr. Nicolae URS<\/a> \u2013 <strong title=\"Sorin Dan \u0218andor\">Vice-dean<br \/>\n<\/strong><\/strong><strong title=\"Sorin Dan \u0218andor\"><strong><a href=\"http:\/\/www.apubb.ro\/en\/faculty\/tudor-ticlau\/\">d<\/a><a href=\"http:\/\/www.apubb.ro\/new\/despre\/cadre-didactice\/paul-zai\/\">r. Paul ZAI<\/a><\/strong><\/strong><strong title=\"Sorin Dan \u0218andor\"><br \/>\n<a href=\"http:\/\/www.apubb.ro\/new\/despre\/cadre-didactice\/marius-dodu\/\">dr. Marius DODU<\/a><\/strong><\/p>\n<p><strong>Phd students:<\/strong><\/p>\n<ul>\n<li>Andrea Zolde \u2013 Coordinator of Applied Research Laboratory<\/li>\n<li>Anca Daniela Bota<\/li>\n<li>Mircea Mihestean<\/li>\n<li>Cosmina Craciunescu<\/li>\n<li>George Vlas<\/li>\n<\/ul>\n<p><strong>MA students:<\/strong><\/p>\n<div>\n<div>\n<div>\n<ul>\n<li>Emanuel Tise<\/li>\n<li>Mihai Chira<\/li>\n<li>Andreea Maier<\/li>\n<li>Arsene Bogdan<\/li>\n<li>Gabi Coada<\/li>\n<\/ul>\n<\/div>\n<\/div>\n<\/div>\n","protected":false},"excerpt":{"rendered":"<p>dr. Dacian Cosmin DRAGO\u015e dr. C\u0103lin Emilian HIN\u0162EA \u2013 Dean of FSPAC dr. Felicia Cornelia MACARIE dr. Dan Tudor LAZ\u0102R\u00a0\u2013 Vice-rector dr. Sorin Dan \u015eANDOR dr. Raluca Ioana ANTONIE\u00a0&#8211; Director of the Public Administration Research Center dr. BALOGH Marton dr. &hellip; <a href=\"https:\/\/apubb.ro\/lca\/faculty\/\">Continu\u0103 s\u0103 cite\u0219ti <span class=\"meta-nav\">&rarr;<\/span><\/a><\/p>\n","protected":false},"author":2,"featured_media":0,"parent":0,"menu_order":0,"comment_status":"closed","ping_status":"closed","template":"","meta":{"footnotes":""},"class_list":["post-69","page","type-page","status-publish","hentry"],"_links":{"self":[{"href":"https:\/\/apubb.ro\/lca\/wp-json\/wp\/v2\/pages\/69","targetHints":{"allow":["GET"]}}],"collection":[{"href":"https:\/\/apubb.ro\/lca\/wp-json\/wp\/v2\/pages"}],"about":[{"href":"https:\/\/apubb.ro\/lca\/wp-json\/wp\/v2\/types\/page"}],"author":[{"embeddable":true,"href":"https:\/\/apubb.ro\/lca\/wp-json\/wp\/v2\/users\/2"}],"replies":[{"embeddable":true,"href":"https:\/\/apubb.ro\/lca\/wp-json\/wp\/v2\/comments?post=69"}],"version-history":[{"count":23,"href":"https:\/\/apubb.ro\/lca\/wp-json\/wp\/v2\/pages\/69\/revisions"}],"predecessor-version":[{"id":302,"href":"https:\/\/apubb.ro\/lca\/wp-json\/wp\/v2\/pages\/69\/revisions\/302"}],"wp:attachment":[{"href":"https:\/\/apubb.ro\/lca\/wp-json\/wp\/v2\/media?parent=69"}],"curies":[{"name":"wp","href":"https:\/\/api.w.org\/{rel}","templated":true}]}}